{"id":173,"date":"2025-10-22T11:27:25","date_gmt":"2025-10-22T09:27:25","guid":{"rendered":"https:\/\/patatasmonterrei.com\/?page_id=173"},"modified":"2025-12-01T12:13:31","modified_gmt":"2025-12-01T11:13:31","slug":"politica-de-privacidad","status":"publish","type":"page","link":"https:\/\/patatasmonterrei.com\/en\/politica-de-privacidad\/","title":{"rendered":"Pol\u00edtica de Privacidad"},"content":{"rendered":"<div data-elementor-type=\"wp-page\" data-elementor-id=\"173\" class=\"elementor elementor-173\" data-elementor-post-type=\"page\">\n\t\t\t\t<div class=\"elementor-element elementor-element-131d8dc e-con-full e-flex e-con e-child\" data-id=\"131d8dc\" data-element_type=\"container\" data-e-type=\"container\">\n\t\t\t\t<div class=\"elementor-element elementor-element-a9bd256 elementor-widget__width-inherit elementor-widget elementor-widget-heading\" data-id=\"a9bd256\" data-element_type=\"widget\" data-e-type=\"widget\" data-widget_type=\"heading.default\">\n\t\t\t\t\t<h1 class=\"elementor-heading-title elementor-size-default\">Pol\u00edtica de Privacidad<\/h1>\t\t\t\t<\/div>\n\t\t\t\t<div class=\"elementor-element elementor-element-be06cc0 elementor-widget__width-initial elementor-widget elementor-widget-text-editor\" data-id=\"be06cc0\" data-element_type=\"widget\" data-e-type=\"widget\" data-widget_type=\"text-editor.default\">\n\t\t\t\t\t\t\t\t\t<p><strong>1.RESPONSABLE<\/strong><\/p><p><span style=\"font-weight: 400;\">1.1.)<\/span> <span style=\"font-weight: 400;\">Datos de identificaci\u00f3n y contacto del Responsable<\/span><\/p><p><span style=\"font-weight: 400;\">El responsable de los datos recabados mediante esta web es <\/span><span style=\"font-weight: 400;\">Jos\u00e9 Casares Ramos<\/span><span style=\"font-weight: 400;\"> con direcci\u00f3n <\/span><span style=\"font-weight: 400;\">Calle Canto Dos Cucos n\u00ba14 CP. 32618 Monterrei (OURENSE)<\/span><span style=\"font-weight: 400;\"> Y DNI <\/span><span style=\"font-weight: 400;\">44468846W<\/span><span style=\"font-weight: 400;\">. Usted podr\u00e1 contactar con el responsable mediante el siguiente Email <\/span><span style=\"font-weight: 400;\">patatasmonterrei@gmail.com<\/span><\/p><p>\u00a0<\/p><p><strong>2.FINALIDAD<\/strong><\/p><p><span style=\"font-weight: 400;\">2.1.) Descripci\u00f3n ampliada de los fines del tratamiento<\/span><\/p><p><span style=\"font-weight: 400;\">Publicidad y prospecci\u00f3n comercial<\/span><\/p><p><span style=\"font-weight: 400;\">Gesti\u00f3n de solicitudes<\/span><\/p><p><span style=\"font-weight: 400;\">2.2.) Plazos o criterios de conservaci\u00f3n de los datos<\/span><\/p><p><span style=\"font-weight: 400;\">Conservaremos los datos durante el tiempo que sea necesario para atender la solicitud y cumplir con las obligaciones legales exigidas.<\/span><\/p><p><span style=\"font-weight: 400;\">Los datos que usted nos ha facilitado ser\u00e1n conservados mientras sean necesarios para las finalidades indicadas en el punto 2.1., o tambi\u00e9n ser\u00e1n almacenadas por el tiempo exigido por distintas legislaciones aplicables.<\/span><\/p><p><span style=\"font-weight: 400;\">2.3.) Decisiones automatizadas, perfiles y l\u00f3gica aplicada<\/span><\/p><p><span style=\"font-weight: 400;\">Los datos recogidos mediante la p\u00e1gina web no ser\u00e1n utilizados para tomar decisiones automatizadas.<\/span><\/p><p>\u00a0<\/p><p><strong>3.LEGITIMACI\u00d3N<\/strong><\/p><p><span style=\"font-weight: 400;\">3.1.) Legislaci\u00f3n aplicable<\/span><\/p><p><span style=\"font-weight: 400;\">La legislaci\u00f3n aplicada es el Reglamento General de Protecci\u00f3n de Datos 2016\/679 de 27 de abril de 2016 as\u00ed como la Ley Org\u00e1nica 3\/2018, de 5 de diciembre, de Protecci\u00f3n de Datos Personales y garant\u00eda de los derechos digitales.<\/span><\/p><p><span style=\"font-weight: 400;\">3.2.)\u00a0 Detalles de la base jur\u00eddica del tratamiento, en los casos de obligaci\u00f3n legal, inter\u00e9s p\u00fablico o inter\u00e9s p\u00fablico o inter\u00e9s leg\u00edtimo<\/span><\/p><p><span style=\"font-weight: 400;\">Consentimiento del interesado<\/span><\/p><p><span style=\"font-weight: 400;\">3.3.) Obligaci\u00f3n o no de facilitar datos y consecuencias de no hacerlo<\/span><\/p><p><span style=\"font-weight: 400;\">No est\u00e1 obligado a facilitarnos los datos, sin embargo, ser\u00e1 necesario para poder gestionar las sugerencias o peticiones que necesite hacernos mediante la p\u00e1gina web.<\/span><\/p><p>\u00a0<\/p><p><strong>4.DESTINATARIOS<\/strong><\/p><p><span style=\"font-weight: 400;\">4.1.) Destinatarios o categor\u00edas de destinatarios<\/span><\/p><p><span style=\"font-weight: 400;\">Encargados de tratamiento<\/span><\/p><p><span style=\"font-weight: 400;\">4.2.) Destinatarios espec\u00edficos<\/span><\/p><p><span style=\"font-weight: 400;\">Encargados de tratamiento acceden a los datos facilitados mediante esta p\u00e1gina web por el ejercicio de sus funciones de mantenimiento.<\/span><\/p><p><span style=\"font-weight: 400;\">4.3.) Decisiones de adecuaci\u00f3n, garant\u00edas, normas corporativas vinculantes o situaciones espec\u00edficas aplicables<\/span><\/p><p><span style=\"font-weight: 400;\">No existen.<\/span><\/p><p><span style=\"font-weight: 400;\">4.4.) Transferencias internacionales<\/span><\/p><p><span style=\"font-weight: 400;\">No existen<\/span><\/p><p>\u00a0<\/p><p><strong>5.DERECHOS<\/strong><\/p><p><span style=\"font-weight: 400;\">5.1.)\u00a0 C\u00f3mo ejercer los derechos de acceso, rectificaci\u00f3n, supresi\u00f3n y portabilidad de sus datos, y la limitaci\u00f3n u oposici\u00f3n a su tratamiento<\/span><\/p><p><span style=\"font-weight: 400;\">El interesado podr\u00e1 conocer, modificar, o eliminar los datos que la empresa posea acerca de su persona mediante correo electr\u00f3nico facilitando su DNI o bien por correo postal a <\/span><span style=\"font-weight: 400;\">Calle Canto Dos Cucos n\u00ba14 CP. 32618 Monterrei (OURENSE)<\/span><span style=\"font-weight: 400;\">.<\/span><\/p><p><span style=\"font-weight: 400;\">El interesado podr\u00e1 transferir sus datos a otra entidad o bien limitar los ya existentes que la empresa posea acerca de su persona mediante correo electr\u00f3nico facilitando su DNI o bien por correo postal a <\/span><span style=\"font-weight: 400;\">Calle Canto Dos Cucos n\u00ba14 CP. 32618 Monterrei (OURENSE)<\/span><span style=\"font-weight: 400;\">.<\/span><\/p><p><span style=\"font-weight: 400;\">5.2.) Derecho a retirar el Consentimiento prestado<\/span><\/p><p><span style=\"font-weight: 400;\">El interesado podr\u00e1 retirar los datos que la empresa posee acerca de su persona mediante correo electr\u00f3nico facilitando su DNI o bien por correo postal a <\/span><span style=\"font-weight: 400;\">Calle Canto Dos Cucos n\u00ba14 CP. 32618 Monterrei (OURENSE)<\/span><span style=\"font-weight: 400;\">.<\/span><\/p><p><span style=\"font-weight: 400;\">5.3.) Derecho a reclamar ante la Autoridad de Control<\/span><\/p><p><span style=\"font-weight: 400;\">El interesado podr\u00e1 reclamar ante la Agencia Espa\u00f1ola de Protecci\u00f3n de Datos acerca de toda incidencia que pueda surgirle.<\/span><\/p><p>\u00a0<\/p><p><strong>6.PROCEDENCIA<\/strong><\/p><p><span style=\"font-weight: 400;\">6.1.)\u00a0 Informaci\u00f3n detallada del origen de los datos<\/span><\/p><p><span style=\"font-weight: 400;\">Facilitados por el propio interesado<\/span><\/p><p><span style=\"font-weight: 400;\">6.2.) Categor\u00edas de datos que se tratan<\/span><\/p><p><span style=\"font-weight: 400;\">-Informaci\u00f3n comercial: Nombre y Apellidos, mail<\/span><\/p>\t\t\t\t\t\t\t\t<\/div>\n\t\t\t\t<\/div>\n\t\t\t\t<\/div>","protected":false},"excerpt":{"rendered":"<p>Pol\u00edtica de Privacidad 1.RESPONSABLE 1.1.) Datos de identificaci\u00f3n y contacto del Responsable El responsable de los datos recabados mediante esta web es Jos\u00e9 Casares Ramos con direcci\u00f3n Calle Canto Dos Cucos n\u00ba14 CP. 32618 Monterrei (OURENSE) Y DNI 44468846W. Usted podr\u00e1 contactar con el responsable mediante el siguiente Email patatasmonterrei@gmail.com \u00a0 2.FINALIDAD 2.1.) Descripci\u00f3n ampliada [&hellip;]<\/p>\n","protected":false},"author":1,"featured_media":0,"parent":0,"menu_order":0,"comment_status":"closed","ping_status":"closed","template":"","meta":{"footnotes":""},"class_list":["post-173","page","type-page","status-publish","hentry"],"_links":{"self":[{"href":"https:\/\/patatasmonterrei.com\/en\/wp-json\/wp\/v2\/pages\/173","targetHints":{"allow":["GET"]}}],"collection":[{"href":"https:\/\/patatasmonterrei.com\/en\/wp-json\/wp\/v2\/pages"}],"about":[{"href":"https:\/\/patatasmonterrei.com\/en\/wp-json\/wp\/v2\/types\/page"}],"author":[{"embeddable":true,"href":"https:\/\/patatasmonterrei.com\/en\/wp-json\/wp\/v2\/users\/1"}],"replies":[{"embeddable":true,"href":"https:\/\/patatasmonterrei.com\/en\/wp-json\/wp\/v2\/comments?post=173"}],"version-history":[{"count":7,"href":"https:\/\/patatasmonterrei.com\/en\/wp-json\/wp\/v2\/pages\/173\/revisions"}],"predecessor-version":[{"id":233,"href":"https:\/\/patatasmonterrei.com\/en\/wp-json\/wp\/v2\/pages\/173\/revisions\/233"}],"wp:attachment":[{"href":"https:\/\/patatasmonterrei.com\/en\/wp-json\/wp\/v2\/media?parent=173"}],"curies":[{"name":"wp","href":"https:\/\/api.w.org\/{rel}","templated":true}]}}